{"id":5,"date":"2018-05-29T10:04:18","date_gmt":"2018-05-29T10:04:18","guid":{"rendered":"http:\/\/sw-themes.com\/porto_dummy\/?page_id=5"},"modified":"2025-11-21T18:20:08","modified_gmt":"2025-11-21T23:20:08","slug":"home","status":"publish","type":"page","link":"https:\/\/grupoenergiaperu.com\/en\/","title":{"rendered":"Inicio"},"content":{"rendered":"<div class=\"wpb-content-wrapper\"><div data-vc-full-width=\"true\" data-vc-full-width-temp=\"true\" data-vc-full-width-init=\"false\" data-vc-stretch-content=\"true\" class=\"vc_row wpb_row row top-row vc_custom_1762617581787 vc_row-no-padding wpb_custom_034b39d9bc6c6b310d69e39f0ccf274f\"><div class=\"vc_column_container col-md-6 col-xl-12 col-lg-12\"><div class=\"wpb_wrapper vc_column-inner\">\r\n\t<div class=\"wpb_text_column wpb_content_element vc_custom_1762859048314 wpb_custom_7c91d232724f73626cc933bd95b25ff0\" >\r\n\t\t<div class=\"wpb_wrapper\">\r\n\t\t\t<p><img loading=\"lazy\" decoding=\"async\" class=\"wp-image-23803 size-full aligncenter\" src=\"https:\/\/grupoenergiaperu.com\/wp-content\/uploads\/2025\/04\/portada_web.jpg\" alt=\"\" width=\"1920\" height=\"1080\" srcset=\"https:\/\/grupoenergiaperu.com\/wp-content\/uploads\/2025\/04\/portada_web.jpg 1920w, https:\/\/grupoenergiaperu.com\/wp-content\/uploads\/2025\/04\/portada_web-1024x576.jpg 1024w, https:\/\/grupoenergiaperu.com\/wp-content\/uploads\/2025\/04\/portada_web-768x432.jpg 768w, https:\/\/grupoenergiaperu.com\/wp-content\/uploads\/2025\/04\/portada_web-1536x864.jpg 1536w, https:\/\/grupoenergiaperu.com\/wp-content\/uploads\/2025\/04\/portada_web-640x360.jpg 640w, https:\/\/grupoenergiaperu.com\/wp-content\/uploads\/2025\/04\/portada_web-400x225.jpg 400w, https:\/\/grupoenergiaperu.com\/wp-content\/uploads\/2025\/04\/portada_web-367x206.jpg 367w, https:\/\/grupoenergiaperu.com\/wp-content\/uploads\/2025\/04\/portada_web-600x338.jpg 600w\" sizes=\"auto, (max-width: 1920px) 100vw, 1920px\" \/><\/p>\n\r\n\t\t<\/div>\r\n\t<\/div>\r\n<\/div><\/div><div class=\"vc_column_container col-md-6\"><div class=\"wpb_wrapper vc_column-inner\"><\/div><\/div><\/div><div class=\"vc_row-full-width vc_clearfix\"><\/div><div class=\"vc_row wpb_row row top-row wpb_custom_034b39d9bc6c6b310d69e39f0ccf274f\"><div class=\"vc_column_container col-md-3\"><div class=\"wpb_wrapper vc_column-inner\">\r\n\t<div class=\"wpb_text_column wpb_content_element wpb_custom_7c91d232724f73626cc933bd95b25ff0\" >\r\n\t\t<div class=\"wpb_wrapper\">\r\n\t\t\t<p><img loading=\"lazy\" decoding=\"async\" class=\"size-full wp-image-6754 aligncenter\" src=\"https:\/\/grupoenergiaperu.com\/wp-content\/uploads\/2022\/01\/inicio1.png\" alt=\"\" width=\"500\" height=\"500\" srcset=\"https:\/\/grupoenergiaperu.com\/wp-content\/uploads\/2022\/01\/inicio1.png 500w, https:\/\/grupoenergiaperu.com\/wp-content\/uploads\/2022\/01\/inicio1-400x400.png 400w, https:\/\/grupoenergiaperu.com\/wp-content\/uploads\/2022\/01\/inicio1-367x367.png 367w\" sizes=\"auto, (max-width: 500px) 100vw, 500px\" \/><\/p>\n\r\n\t\t<\/div>\r\n\t<\/div>\r\n<\/div><\/div><div class=\"vc_column_container col-md-3\"><div class=\"wpb_wrapper vc_column-inner\">\r\n\t<div class=\"wpb_text_column wpb_content_element wpb_custom_7c91d232724f73626cc933bd95b25ff0\" >\r\n\t\t<div class=\"wpb_wrapper\">\r\n\t\t\t<p><img loading=\"lazy\" decoding=\"async\" class=\"size-full wp-image-6755 aligncenter\" src=\"https:\/\/grupoenergiaperu.com\/wp-content\/uploads\/2022\/01\/inicio2.png\" alt=\"\" width=\"500\" height=\"500\" srcset=\"https:\/\/grupoenergiaperu.com\/wp-content\/uploads\/2022\/01\/inicio2.png 500w, https:\/\/grupoenergiaperu.com\/wp-content\/uploads\/2022\/01\/inicio2-400x400.png 400w, https:\/\/grupoenergiaperu.com\/wp-content\/uploads\/2022\/01\/inicio2-367x367.png 367w\" sizes=\"auto, (max-width: 500px) 100vw, 500px\" \/><\/p>\n\r\n\t\t<\/div>\r\n\t<\/div>\r\n<\/div><\/div><div class=\"vc_column_container col-md-3\"><div class=\"wpb_wrapper vc_column-inner\">\r\n\t<div class=\"wpb_text_column wpb_content_element wpb_custom_7c91d232724f73626cc933bd95b25ff0\" >\r\n\t\t<div class=\"wpb_wrapper\">\r\n\t\t\t<p><img loading=\"lazy\" decoding=\"async\" class=\"size-full wp-image-6756 aligncenter\" src=\"https:\/\/grupoenergiaperu.com\/wp-content\/uploads\/2022\/01\/inicio3.png\" alt=\"\" width=\"500\" height=\"500\" srcset=\"https:\/\/grupoenergiaperu.com\/wp-content\/uploads\/2022\/01\/inicio3.png 500w, https:\/\/grupoenergiaperu.com\/wp-content\/uploads\/2022\/01\/inicio3-400x400.png 400w, https:\/\/grupoenergiaperu.com\/wp-content\/uploads\/2022\/01\/inicio3-367x367.png 367w\" sizes=\"auto, (max-width: 500px) 100vw, 500px\" \/><\/p>\n\r\n\t\t<\/div>\r\n\t<\/div>\r\n<\/div><\/div><div class=\"vc_column_container col-md-3\"><div class=\"wpb_wrapper vc_column-inner\">\r\n\t<div class=\"wpb_text_column wpb_content_element wpb_custom_7c91d232724f73626cc933bd95b25ff0\" >\r\n\t\t<div class=\"wpb_wrapper\">\r\n\t\t\t<p><img loading=\"lazy\" decoding=\"async\" class=\"size-full wp-image-6757 aligncenter\" src=\"https:\/\/grupoenergiaperu.com\/wp-content\/uploads\/2022\/01\/inicio4.png\" alt=\"\" width=\"500\" height=\"500\" srcset=\"https:\/\/grupoenergiaperu.com\/wp-content\/uploads\/2022\/01\/inicio4.png 500w, https:\/\/grupoenergiaperu.com\/wp-content\/uploads\/2022\/01\/inicio4-400x400.png 400w, https:\/\/grupoenergiaperu.com\/wp-content\/uploads\/2022\/01\/inicio4-367x367.png 367w\" sizes=\"auto, (max-width: 500px) 100vw, 500px\" \/><\/p>\n\r\n\t\t<\/div>\r\n\t<\/div>\r\n<\/div><\/div><\/div><div class=\"vc_row wpb_row row top-row wpb_custom_034b39d9bc6c6b310d69e39f0ccf274f\"><div class=\"vc_column_container col-md-1\"><div class=\"wpb_wrapper vc_column-inner\"><\/div><\/div><div class=\"vc_column_container col-md-5\"><div class=\"wpb_wrapper vc_column-inner\">\r\n\t<div class=\"wpb_text_column wpb_content_element wpb_custom_7c91d232724f73626cc933bd95b25ff0\" >\r\n\t\t<div class=\"wpb_wrapper\">\r\n\t\t\t<p><img loading=\"lazy\" decoding=\"async\" class=\"alignnone size-full wp-image-6704\" src=\"https:\/\/grupoenergiaperu.com\/wp-content\/uploads\/2021\/12\/Logo.GEP_.final_.png\" alt=\"\" width=\"1326\" height=\"352\" srcset=\"https:\/\/grupoenergiaperu.com\/wp-content\/uploads\/2021\/12\/Logo.GEP_.final_.png 1326w, https:\/\/grupoenergiaperu.com\/wp-content\/uploads\/2021\/12\/Logo.GEP_.final_-1024x272.png 1024w, https:\/\/grupoenergiaperu.com\/wp-content\/uploads\/2021\/12\/Logo.GEP_.final_-768x204.png 768w, https:\/\/grupoenergiaperu.com\/wp-content\/uploads\/2021\/12\/Logo.GEP_.final_-640x170.png 640w, https:\/\/grupoenergiaperu.com\/wp-content\/uploads\/2021\/12\/Logo.GEP_.final_-400x106.png 400w, https:\/\/grupoenergiaperu.com\/wp-content\/uploads\/2021\/12\/Logo.GEP_.final_-367x97.png 367w, https:\/\/grupoenergiaperu.com\/wp-content\/uploads\/2021\/12\/Logo.GEP_.final_-600x159.png 600w\" sizes=\"auto, (max-width: 1326px) 100vw, 1326px\" \/><\/p>\n\r\n\t\t<\/div>\r\n\t<\/div>\r\n<\/div><\/div><div class=\"vc_column_container col-md-5\"><div class=\"wpb_wrapper vc_column-inner\">\r\n\t<div class=\"wpb_text_column wpb_content_element wpb_custom_7c91d232724f73626cc933bd95b25ff0\" >\r\n\t\t<div class=\"wpb_wrapper\">\r\n\t\t\t<p><span style=\"color: #000000;\"><strong>GRUPO ENERG\u00cdA PER\u00da S.A.C.<\/strong><\/span><\/p>\n<p><span style=\"color: #000000;\">Realiza servicios relacionados a sistemas de puesta a tierra: Construcci\u00f3n, mantenimiento, medici\u00f3n, capacitaciones y cursos.<\/span><\/p>\n<p><span style=\"color: #000000;\">Realiza servicios de ingenier\u00eda de detalle de proyectos el\u00e9ctricos: Memoria de c\u00e1lculos el\u00e9ctricos, metrado el\u00e9ctrico, capex el\u00e9ctrico, memoria descriptiva y planos el\u00e9ctricos.<\/span><\/p>\n<p><span style=\"color: #000000;\">Realiza instalaciones el\u00e9ctricas residenciales y comerciales.<\/span><\/p>\n\r\n\t\t<\/div>\r\n\t<\/div>\r\n<\/div><\/div><div class=\"vc_column_container col-md-1\"><div class=\"wpb_wrapper vc_column-inner\"><\/div><\/div><\/div><div class=\"vc_row wpb_row row top-row wpb_custom_034b39d9bc6c6b310d69e39f0ccf274f\"><div class=\"vc_column_container col-md-4\"><div class=\"wpb_wrapper vc_column-inner\">\r\n\t<div class=\"wpb_text_column wpb_content_element wpb_custom_7c91d232724f73626cc933bd95b25ff0\" >\r\n\t\t<div class=\"wpb_wrapper\">\r\n\t\t\t\r\n\t\t<\/div>\r\n\t<\/div>\r\n<\/div><\/div><div class=\"vc_column_container col-md-4\"><div class=\"wpb_wrapper vc_column-inner\">\r\n\t<div class=\"wpb_text_column wpb_content_element wpb_custom_7c91d232724f73626cc933bd95b25ff0\" >\r\n\t\t<div class=\"wpb_wrapper\">\r\n\t\t\t\r\n\t\t<\/div>\r\n\t<\/div>\r\n<\/div><\/div><div class=\"vc_column_container col-md-4\"><div class=\"wpb_wrapper vc_column-inner\">\r\n\t<div class=\"wpb_text_column wpb_content_element wpb_custom_7c91d232724f73626cc933bd95b25ff0\" >\r\n\t\t<div class=\"wpb_wrapper\">\r\n\t\t\t<p><iframe loading=\"lazy\" style=\"border: none; overflow: hidden;\" src=\"https:\/\/www.facebook.com\/plugins\/page.php?href=https%3A%2F%2Fwww.facebook.com%2FGrupoEnergiaPeru1%2F&amp;tabs=timeline&amp;width=350&amp;height=450&amp;small_header=false&amp;adapt_container_width=true&amp;hide_cover=false&amp;show_facepile=true&amp;appId\" width=\"350\" height=\"450\" frameborder=\"0\" scrolling=\"no\" allowfullscreen=\"allowfullscreen\" data-mce-fragment=\"1\"><\/iframe><\/p>\n\r\n\t\t<\/div>\r\n\t<\/div>\r\n<\/div><\/div><\/div>\n<\/div>","protected":false},"excerpt":{"rendered":"GRUPO ENERG\u00cdA PER\u00da S.A.C. Realiza servicios relacionados a sistemas de puesta a tierra: Construcci\u00f3n, mantenimiento, medici\u00f3n, capacitaciones y cursos. Realiza [...]","protected":false},"author":1,"featured_media":0,"parent":0,"menu_order":0,"comment_status":"closed","ping_status":"closed","template":"","meta":{"_joinchat":[],"footnotes":""},"class_list":["post-5","page","type-page","status-publish","hentry"],"yoast_head":"<!-- This site is optimized with the Yoast SEO plugin v26.3 - https:\/\/yoast.com\/wordpress\/plugins\/seo\/ -->\n<title>Grupo Energ\u00eda Per\u00fa - Especialista en sistemas de puesta a tierra.<\/title>\n<meta name=\"description\" content=\"Especialistas en sistemas de puesta a tierra Especialista en sistemas de puesta a tierra\" \/>\n<meta name=\"robots\" content=\"index, follow, max-snippet:-1, max-image-preview:large, max-video-preview:-1\" \/>\n<link rel=\"canonical\" href=\"https:\/\/grupoenergiaperu.com\/en\/\" \/>\n<meta property=\"og:locale\" content=\"en_US\" \/>\n<meta property=\"og:type\" content=\"article\" \/>\n<meta property=\"og:title\" content=\"Grupo Energ\u00eda Per\u00fa - Especialista en sistemas de puesta a tierra.\" \/>\n<meta property=\"og:description\" content=\"Especialistas en sistemas de puesta a tierra Especialista en sistemas de puesta a tierra\" \/>\n<meta property=\"og:url\" content=\"https:\/\/grupoenergiaperu.com\/en\/\" \/>\n<meta property=\"og:site_name\" content=\"Grupo Energ\u00eda Peru\" \/>\n<meta property=\"article:modified_time\" content=\"2025-11-21T23:20:08+00:00\" \/>\n<meta property=\"og:image\" content=\"https:\/\/grupoenergiaperu.com\/wp-content\/uploads\/2025\/04\/portada_web.jpg\" \/>\n\t<meta property=\"og:image:width\" content=\"1920\" \/>\n\t<meta property=\"og:image:height\" content=\"1080\" \/>\n\t<meta property=\"og:image:type\" content=\"image\/jpeg\" \/>\n<meta name=\"twitter:card\" content=\"summary_large_image\" \/>\n<meta name=\"twitter:label1\" content=\"Est. reading time\" \/>\n\t<meta name=\"twitter:data1\" content=\"4 minutes\" \/>\n<script type=\"application\/ld+json\" class=\"yoast-schema-graph\">{\"@context\":\"https:\/\/schema.org\",\"@graph\":[{\"@type\":\"WebPage\",\"@id\":\"https:\/\/grupoenergiaperu.com\/\",\"url\":\"https:\/\/grupoenergiaperu.com\/\",\"name\":\"Grupo Energ\u00eda Per\u00fa - Especialista en sistemas de puesta a tierra.\",\"isPartOf\":{\"@id\":\"https:\/\/grupoenergiaperu.com\/#website\"},\"primaryImageOfPage\":{\"@id\":\"https:\/\/grupoenergiaperu.com\/#primaryimage\"},\"image\":{\"@id\":\"https:\/\/grupoenergiaperu.com\/#primaryimage\"},\"thumbnailUrl\":\"https:\/\/grupoenergiaperu.com\/wp-content\/uploads\/2025\/04\/portada_web.jpg\",\"datePublished\":\"2018-05-29T10:04:18+00:00\",\"dateModified\":\"2025-11-21T23:20:08+00:00\",\"description\":\"Especialistas en sistemas de puesta a tierra Especialista en sistemas de puesta a tierra\",\"breadcrumb\":{\"@id\":\"https:\/\/grupoenergiaperu.com\/#breadcrumb\"},\"inLanguage\":\"en-US\",\"potentialAction\":[{\"@type\":\"ReadAction\",\"target\":[\"https:\/\/grupoenergiaperu.com\/\"]}]},{\"@type\":\"ImageObject\",\"inLanguage\":\"en-US\",\"@id\":\"https:\/\/grupoenergiaperu.com\/#primaryimage\",\"url\":\"https:\/\/grupoenergiaperu.com\/wp-content\/uploads\/2025\/04\/portada_web.jpg\",\"contentUrl\":\"https:\/\/grupoenergiaperu.com\/wp-content\/uploads\/2025\/04\/portada_web.jpg\"},{\"@type\":\"BreadcrumbList\",\"@id\":\"https:\/\/grupoenergiaperu.com\/#breadcrumb\",\"itemListElement\":[{\"@type\":\"ListItem\",\"position\":1,\"name\":\"Portada\",\"item\":\"https:\/\/grupoenergiaperu.com\/\"},{\"@type\":\"ListItem\",\"position\":2,\"name\":\"Inicio\"}]},{\"@type\":\"WebSite\",\"@id\":\"https:\/\/grupoenergiaperu.com\/#website\",\"url\":\"https:\/\/grupoenergiaperu.com\/\",\"name\":\"Grupo Energ\u00eda Peru\",\"description\":\"Especialista en sistemas de puesta a tierra\",\"potentialAction\":[{\"@type\":\"SearchAction\",\"target\":{\"@type\":\"EntryPoint\",\"urlTemplate\":\"https:\/\/grupoenergiaperu.com\/?s={search_term_string}\"},\"query-input\":{\"@type\":\"PropertyValueSpecification\",\"valueRequired\":true,\"valueName\":\"search_term_string\"}}],\"inLanguage\":\"en-US\"}]}<\/script>\n<!-- \/ Yoast SEO plugin. -->","yoast_head_json":{"title":"Grupo Energ\u00eda Per\u00fa - Especialista en sistemas de puesta a tierra.","description":"Especialistas en sistemas de puesta a tierra Especialista en sistemas de puesta a tierra","robots":{"index":"index","follow":"follow","max-snippet":"max-snippet:-1","max-image-preview":"max-image-preview:large","max-video-preview":"max-video-preview:-1"},"canonical":"https:\/\/grupoenergiaperu.com\/en\/","og_locale":"en_US","og_type":"article","og_title":"Grupo Energ\u00eda Per\u00fa - Especialista en sistemas de puesta a tierra.","og_description":"Especialistas en sistemas de puesta a tierra Especialista en sistemas de puesta a tierra","og_url":"https:\/\/grupoenergiaperu.com\/en\/","og_site_name":"Grupo Energ\u00eda Peru","article_modified_time":"2025-11-21T23:20:08+00:00","og_image":[{"width":1920,"height":1080,"url":"https:\/\/grupoenergiaperu.com\/wp-content\/uploads\/2025\/04\/portada_web.jpg","type":"image\/jpeg"}],"twitter_card":"summary_large_image","twitter_misc":{"Est. reading time":"4 minutes"},"schema":{"@context":"https:\/\/schema.org","@graph":[{"@type":"WebPage","@id":"https:\/\/grupoenergiaperu.com\/","url":"https:\/\/grupoenergiaperu.com\/","name":"Grupo Energ\u00eda Per\u00fa - Especialista en sistemas de puesta a tierra.","isPartOf":{"@id":"https:\/\/grupoenergiaperu.com\/#website"},"primaryImageOfPage":{"@id":"https:\/\/grupoenergiaperu.com\/#primaryimage"},"image":{"@id":"https:\/\/grupoenergiaperu.com\/#primaryimage"},"thumbnailUrl":"https:\/\/grupoenergiaperu.com\/wp-content\/uploads\/2025\/04\/portada_web.jpg","datePublished":"2018-05-29T10:04:18+00:00","dateModified":"2025-11-21T23:20:08+00:00","description":"Especialistas en sistemas de puesta a tierra Especialista en sistemas de puesta a tierra","breadcrumb":{"@id":"https:\/\/grupoenergiaperu.com\/#breadcrumb"},"inLanguage":"en-US","potentialAction":[{"@type":"ReadAction","target":["https:\/\/grupoenergiaperu.com\/"]}]},{"@type":"ImageObject","inLanguage":"en-US","@id":"https:\/\/grupoenergiaperu.com\/#primaryimage","url":"https:\/\/grupoenergiaperu.com\/wp-content\/uploads\/2025\/04\/portada_web.jpg","contentUrl":"https:\/\/grupoenergiaperu.com\/wp-content\/uploads\/2025\/04\/portada_web.jpg"},{"@type":"BreadcrumbList","@id":"https:\/\/grupoenergiaperu.com\/#breadcrumb","itemListElement":[{"@type":"ListItem","position":1,"name":"Portada","item":"https:\/\/grupoenergiaperu.com\/"},{"@type":"ListItem","position":2,"name":"Inicio"}]},{"@type":"WebSite","@id":"https:\/\/grupoenergiaperu.com\/#website","url":"https:\/\/grupoenergiaperu.com\/","name":"Grupo Energ\u00eda Peru","description":"Especialista en sistemas de puesta a tierra","potentialAction":[{"@type":"SearchAction","target":{"@type":"EntryPoint","urlTemplate":"https:\/\/grupoenergiaperu.com\/?s={search_term_string}"},"query-input":{"@type":"PropertyValueSpecification","valueRequired":true,"valueName":"search_term_string"}}],"inLanguage":"en-US"}]}},"_links":{"self":[{"href":"https:\/\/grupoenergiaperu.com\/en\/wp-json\/wp\/v2\/pages\/5","targetHints":{"allow":["GET"]}}],"collection":[{"href":"https:\/\/grupoenergiaperu.com\/en\/wp-json\/wp\/v2\/pages"}],"about":[{"href":"https:\/\/grupoenergiaperu.com\/en\/wp-json\/wp\/v2\/types\/page"}],"author":[{"embeddable":true,"href":"https:\/\/grupoenergiaperu.com\/en\/wp-json\/wp\/v2\/users\/1"}],"replies":[{"embeddable":true,"href":"https:\/\/grupoenergiaperu.com\/en\/wp-json\/wp\/v2\/comments?post=5"}],"version-history":[{"count":60,"href":"https:\/\/grupoenergiaperu.com\/en\/wp-json\/wp\/v2\/pages\/5\/revisions"}],"predecessor-version":[{"id":27718,"href":"https:\/\/grupoenergiaperu.com\/en\/wp-json\/wp\/v2\/pages\/5\/revisions\/27718"}],"wp:attachment":[{"href":"https:\/\/grupoenergiaperu.com\/en\/wp-json\/wp\/v2\/media?parent=5"}],"curies":[{"name":"wp","href":"https:\/\/api.w.org\/{rel}","templated":true}]}}