{"id":5805,"date":"2021-11-17T09:59:33","date_gmt":"2021-11-17T14:59:33","guid":{"rendered":"https:\/\/grupoenergiaperu.com\/?page_id=5805"},"modified":"2021-11-17T12:25:17","modified_gmt":"2021-11-17T17:25:17","slug":"z-directorio-7-12-equinlab","status":"publish","type":"page","link":"https:\/\/grupoenergiaperu.com\/en\/z-directorio-7-12-equinlab\/","title":{"rendered":"z.Directorio.7.12-equinlab"},"content":{"rendered":"<div class=\"wpb-content-wrapper\"><div class=\"vc_row wpb_row row top-row wpb_custom_034b39d9bc6c6b310d69e39f0ccf274f\"><div class=\"vc_column_container col-md-12 vc_custom_1618323638418\"><div class=\"wpb_wrapper vc_column-inner\">\r\n\t<div class=\"wpb_text_column wpb_content_element vc_custom_1637161565919 wpb_custom_7c91d232724f73626cc933bd95b25ff0\" >\r\n\t\t<div class=\"wpb_wrapper\">\r\n\t\t\t<h2 style=\"text-align: center;\"><strong><span style=\"color: #000000;\"><span style=\"font-size: 30px;\"><span style=\"color: #000000; font-size: 30px;\">Equinlab<\/span><\/span><\/span><\/strong><\/h2>\n\r\n\t\t<\/div>\r\n\t<\/div>\r\n<\/div><\/div><\/div><div class=\"vc_row wpb_row row top-row vc_custom_1618324063093 wpb_custom_034b39d9bc6c6b310d69e39f0ccf274f\"><div class=\"vc_column_container col-md-7\"><div class=\"wpb_wrapper vc_column-inner\"><div class=\"wpb_gmaps_widget wpb_content_element vc_custom_1637161675230\"><div class=\"wpb_wrapper\"><div class=\"wpb_map_wraper\"><iframe src=\"https:\/\/www.google.com\/maps\/embed?pb=!1m18!1m12!1m3!1d3902.557773262949!2d-77.08451438561856!3d-12.005071744393872!2m3!1f0!2f0!3f0!3m2!1i1024!2i768!4f13.1!3m3!1m2!1s0x9105cf441e4b9bc3%3A0xe06a0030338de733!2sEQUINLAB%20SAC!5e0!3m2!1ses!2spe!4v1637161642609!5m2!1ses!2spe\" width=\"600\" height=\"450\" style=\"border:0;\" allowfullscreen=\"\" loading=\"lazy\"><\/iframe><\/div><\/div><\/div>\r\n\t<div class=\"wpb_text_column wpb_content_element vc_custom_1637161600036 wpb_custom_7c91d232724f73626cc933bd95b25ff0\" >\r\n\t\t<div class=\"wpb_wrapper\">\r\n\t\t\t<p style=\"text-align: left;\"><span style=\"color: #000000;\"><strong><img loading=\"lazy\" decoding=\"async\" class=\"alignnone size-full wp-image-5807\" src=\"https:\/\/grupoenergiaperu.com\/wp-content\/uploads\/2021\/11\/z.D.7.12-equinlab.png\" alt=\"\" width=\"1344\" height=\"652\" srcset=\"https:\/\/grupoenergiaperu.com\/wp-content\/uploads\/2021\/11\/z.D.7.12-equinlab.png 1344w, https:\/\/grupoenergiaperu.com\/wp-content\/uploads\/2021\/11\/z.D.7.12-equinlab-1024x497.png 1024w, https:\/\/grupoenergiaperu.com\/wp-content\/uploads\/2021\/11\/z.D.7.12-equinlab-768x373.png 768w, https:\/\/grupoenergiaperu.com\/wp-content\/uploads\/2021\/11\/z.D.7.12-equinlab-640x310.png 640w, https:\/\/grupoenergiaperu.com\/wp-content\/uploads\/2021\/11\/z.D.7.12-equinlab-400x194.png 400w, https:\/\/grupoenergiaperu.com\/wp-content\/uploads\/2021\/11\/z.D.7.12-equinlab-367x178.png 367w, https:\/\/grupoenergiaperu.com\/wp-content\/uploads\/2021\/11\/z.D.7.12-equinlab-600x291.png 600w\" sizes=\"auto, (max-width: 1344px) 100vw, 1344px\" \/>Descripci\u00f3n:<\/strong> Servicio de calibraci\u00f3n de telur\u00f3metros\u00a0 \u00a0 \u00a0( <\/span><span style=\"color: #000000;\">Foto: 16\/11\/2021 )<\/span><\/p>\n\r\n\t\t<\/div>\r\n\t<\/div>\r\n<\/div><\/div><div class=\"vc_column_container col-md-5 vc_custom_1632276894197\"><div class=\"wpb_wrapper vc_column-inner\">\r\n\t<div class=\"wpb_text_column wpb_content_element wpb_custom_7c91d232724f73626cc933bd95b25ff0\" >\r\n\t\t<div class=\"wpb_wrapper\">\r\n\t\t\t<p><span style=\"color: #000000; font-size: 14px;\"><strong>1. Sitio Web:\u00a0 \u00a0 \u00a0 \u00a0 \u00a0 <\/strong><a style=\"color: #000000;\" href=\"http:\/\/www.equinlabsac.com\/catalog\/1627\" target=\"_blank\" rel=\"noopener\">www.equinlabsac.com<\/a><\/span><\/p>\n<p><span style=\"color: #000000; font-size: 14px;\"><strong>2. Celular:\u00a0 \u00a0 \u00a0 \u00a0 \u00a0 \u00a0 \u00a0 \u00a0<\/strong>(01) 336 \u2013 4583<\/span><\/p>\n<p><span style=\"color: #000000; font-size: 14px;\"><strong>3. Correo:\u00a0 \u00a0 \u00a0 \u00a0 \u00a0 \u00a0 \u00a0 \u00a0 <\/strong>ventas@equinlabsac.com<\/span><\/p>\n<p><span style=\"color: #000000; font-size: 14px;\"><strong>4. Direcci\u00f3n:\u00a0 \u00a0 \u00a0 \u00a0 \u00a0 <\/strong>Av. 28 de julio Mz. V1 L. 17 , Los Olivos, Lima<\/span><\/p>\n<p><span style=\"color: #000000;\"><span style=\"font-size: 14px;\"><strong>5. RUC:\u00a0 \u00a0 \u00a0 \u00a0 \u00a0 \u00a0 \u00a0 \u00a0 \u00a0 \u00a0 <\/strong><\/span><span style=\"font-size: 14px;\">20600988281<\/span><\/span><\/p>\n<p><span style=\"color: #000000; font-size: 14px;\"><strong>6. Descripci\u00f3n<\/strong><strong>:\u00a0 \u00a0 \u00a0<\/strong>Empresa certificadora de telur\u00f3metros<\/span><\/p>\n\r\n\t\t<\/div>\r\n\t<\/div>\r\n<\/div><\/div><\/div>\n<\/div>","protected":false},"excerpt":{"rendered":"Equinlab Descripci\u00f3n: Servicio de calibraci\u00f3n de telur\u00f3metros\u00a0 \u00a0 \u00a0( Foto: 16\/11\/2021 ) 1. Sitio Web:\u00a0 \u00a0 \u00a0 \u00a0 \u00a0 www.equinlabsac.com [...]","protected":false},"author":1,"featured_media":0,"parent":0,"menu_order":0,"comment_status":"closed","ping_status":"closed","template":"","meta":{"_joinchat":[],"footnotes":""},"class_list":["post-5805","page","type-page","status-publish","hentry"],"yoast_head":"<!-- This site is optimized with the Yoast SEO plugin v26.3 - https:\/\/yoast.com\/wordpress\/plugins\/seo\/ -->\n<title>z.Directorio.7.12-equinlab - Grupo Energ\u00eda Peru<\/title>\n<meta name=\"robots\" content=\"index, follow, max-snippet:-1, max-image-preview:large, max-video-preview:-1\" \/>\n<link rel=\"canonical\" href=\"https:\/\/grupoenergiaperu.com\/en\/z-directorio-7-12-equinlab\/\" \/>\n<meta property=\"og:locale\" content=\"en_US\" \/>\n<meta property=\"og:type\" content=\"article\" \/>\n<meta property=\"og:title\" content=\"z.Directorio.7.12-equinlab - Grupo Energ\u00eda Peru\" \/>\n<meta property=\"og:url\" content=\"https:\/\/grupoenergiaperu.com\/en\/z-directorio-7-12-equinlab\/\" \/>\n<meta property=\"og:site_name\" content=\"Grupo Energ\u00eda Peru\" \/>\n<meta property=\"article:modified_time\" content=\"2021-11-17T17:25:17+00:00\" \/>\n<meta property=\"og:image\" content=\"https:\/\/grupoenergiaperu.com\/wp-content\/uploads\/2021\/11\/z.D.7.12-equinlab.png\" \/>\n<meta name=\"twitter:card\" content=\"summary_large_image\" \/>\n<meta name=\"twitter:label1\" content=\"Est. reading time\" \/>\n\t<meta name=\"twitter:data1\" content=\"1 minute\" \/>\n<script type=\"application\/ld+json\" class=\"yoast-schema-graph\">{\"@context\":\"https:\/\/schema.org\",\"@graph\":[{\"@type\":\"WebPage\",\"@id\":\"https:\/\/grupoenergiaperu.com\/z-directorio-7-12-equinlab\/\",\"url\":\"https:\/\/grupoenergiaperu.com\/z-directorio-7-12-equinlab\/\",\"name\":\"z.Directorio.7.12-equinlab - Grupo Energ\u00eda Peru\",\"isPartOf\":{\"@id\":\"https:\/\/grupoenergiaperu.com\/#website\"},\"primaryImageOfPage\":{\"@id\":\"https:\/\/grupoenergiaperu.com\/z-directorio-7-12-equinlab\/#primaryimage\"},\"image\":{\"@id\":\"https:\/\/grupoenergiaperu.com\/z-directorio-7-12-equinlab\/#primaryimage\"},\"thumbnailUrl\":\"https:\/\/grupoenergiaperu.com\/wp-content\/uploads\/2021\/11\/z.D.7.12-equinlab.png\",\"datePublished\":\"2021-11-17T14:59:33+00:00\",\"dateModified\":\"2021-11-17T17:25:17+00:00\",\"breadcrumb\":{\"@id\":\"https:\/\/grupoenergiaperu.com\/z-directorio-7-12-equinlab\/#breadcrumb\"},\"inLanguage\":\"en-US\",\"potentialAction\":[{\"@type\":\"ReadAction\",\"target\":[\"https:\/\/grupoenergiaperu.com\/z-directorio-7-12-equinlab\/\"]}]},{\"@type\":\"ImageObject\",\"inLanguage\":\"en-US\",\"@id\":\"https:\/\/grupoenergiaperu.com\/z-directorio-7-12-equinlab\/#primaryimage\",\"url\":\"https:\/\/grupoenergiaperu.com\/wp-content\/uploads\/2021\/11\/z.D.7.12-equinlab.png\",\"contentUrl\":\"https:\/\/grupoenergiaperu.com\/wp-content\/uploads\/2021\/11\/z.D.7.12-equinlab.png\"},{\"@type\":\"BreadcrumbList\",\"@id\":\"https:\/\/grupoenergiaperu.com\/z-directorio-7-12-equinlab\/#breadcrumb\",\"itemListElement\":[{\"@type\":\"ListItem\",\"position\":1,\"name\":\"Portada\",\"item\":\"https:\/\/grupoenergiaperu.com\/\"},{\"@type\":\"ListItem\",\"position\":2,\"name\":\"z.Directorio.7.12-equinlab\"}]},{\"@type\":\"WebSite\",\"@id\":\"https:\/\/grupoenergiaperu.com\/#website\",\"url\":\"https:\/\/grupoenergiaperu.com\/\",\"name\":\"Grupo Energ\u00eda Peru\",\"description\":\"Especialista en sistemas de puesta a tierra\",\"potentialAction\":[{\"@type\":\"SearchAction\",\"target\":{\"@type\":\"EntryPoint\",\"urlTemplate\":\"https:\/\/grupoenergiaperu.com\/?s={search_term_string}\"},\"query-input\":{\"@type\":\"PropertyValueSpecification\",\"valueRequired\":true,\"valueName\":\"search_term_string\"}}],\"inLanguage\":\"en-US\"}]}<\/script>\n<!-- \/ Yoast SEO plugin. -->","yoast_head_json":{"title":"z.Directorio.7.12-equinlab - Grupo Energ\u00eda Peru","robots":{"index":"index","follow":"follow","max-snippet":"max-snippet:-1","max-image-preview":"max-image-preview:large","max-video-preview":"max-video-preview:-1"},"canonical":"https:\/\/grupoenergiaperu.com\/en\/z-directorio-7-12-equinlab\/","og_locale":"en_US","og_type":"article","og_title":"z.Directorio.7.12-equinlab - Grupo Energ\u00eda Peru","og_url":"https:\/\/grupoenergiaperu.com\/en\/z-directorio-7-12-equinlab\/","og_site_name":"Grupo Energ\u00eda Peru","article_modified_time":"2021-11-17T17:25:17+00:00","og_image":[{"url":"https:\/\/grupoenergiaperu.com\/wp-content\/uploads\/2021\/11\/z.D.7.12-equinlab.png","type":"","width":"","height":""}],"twitter_card":"summary_large_image","twitter_misc":{"Est. reading time":"1 minute"},"schema":{"@context":"https:\/\/schema.org","@graph":[{"@type":"WebPage","@id":"https:\/\/grupoenergiaperu.com\/z-directorio-7-12-equinlab\/","url":"https:\/\/grupoenergiaperu.com\/z-directorio-7-12-equinlab\/","name":"z.Directorio.7.12-equinlab - Grupo Energ\u00eda Peru","isPartOf":{"@id":"https:\/\/grupoenergiaperu.com\/#website"},"primaryImageOfPage":{"@id":"https:\/\/grupoenergiaperu.com\/z-directorio-7-12-equinlab\/#primaryimage"},"image":{"@id":"https:\/\/grupoenergiaperu.com\/z-directorio-7-12-equinlab\/#primaryimage"},"thumbnailUrl":"https:\/\/grupoenergiaperu.com\/wp-content\/uploads\/2021\/11\/z.D.7.12-equinlab.png","datePublished":"2021-11-17T14:59:33+00:00","dateModified":"2021-11-17T17:25:17+00:00","breadcrumb":{"@id":"https:\/\/grupoenergiaperu.com\/z-directorio-7-12-equinlab\/#breadcrumb"},"inLanguage":"en-US","potentialAction":[{"@type":"ReadAction","target":["https:\/\/grupoenergiaperu.com\/z-directorio-7-12-equinlab\/"]}]},{"@type":"ImageObject","inLanguage":"en-US","@id":"https:\/\/grupoenergiaperu.com\/z-directorio-7-12-equinlab\/#primaryimage","url":"https:\/\/grupoenergiaperu.com\/wp-content\/uploads\/2021\/11\/z.D.7.12-equinlab.png","contentUrl":"https:\/\/grupoenergiaperu.com\/wp-content\/uploads\/2021\/11\/z.D.7.12-equinlab.png"},{"@type":"BreadcrumbList","@id":"https:\/\/grupoenergiaperu.com\/z-directorio-7-12-equinlab\/#breadcrumb","itemListElement":[{"@type":"ListItem","position":1,"name":"Portada","item":"https:\/\/grupoenergiaperu.com\/"},{"@type":"ListItem","position":2,"name":"z.Directorio.7.12-equinlab"}]},{"@type":"WebSite","@id":"https:\/\/grupoenergiaperu.com\/#website","url":"https:\/\/grupoenergiaperu.com\/","name":"Grupo Energ\u00eda Peru","description":"Especialista en sistemas de puesta a tierra","potentialAction":[{"@type":"SearchAction","target":{"@type":"EntryPoint","urlTemplate":"https:\/\/grupoenergiaperu.com\/?s={search_term_string}"},"query-input":{"@type":"PropertyValueSpecification","valueRequired":true,"valueName":"search_term_string"}}],"inLanguage":"en-US"}]}},"_links":{"self":[{"href":"https:\/\/grupoenergiaperu.com\/en\/wp-json\/wp\/v2\/pages\/5805","targetHints":{"allow":["GET"]}}],"collection":[{"href":"https:\/\/grupoenergiaperu.com\/en\/wp-json\/wp\/v2\/pages"}],"about":[{"href":"https:\/\/grupoenergiaperu.com\/en\/wp-json\/wp\/v2\/types\/page"}],"author":[{"embeddable":true,"href":"https:\/\/grupoenergiaperu.com\/en\/wp-json\/wp\/v2\/users\/1"}],"replies":[{"embeddable":true,"href":"https:\/\/grupoenergiaperu.com\/en\/wp-json\/wp\/v2\/comments?post=5805"}],"version-history":[{"count":2,"href":"https:\/\/grupoenergiaperu.com\/en\/wp-json\/wp\/v2\/pages\/5805\/revisions"}],"predecessor-version":[{"id":5808,"href":"https:\/\/grupoenergiaperu.com\/en\/wp-json\/wp\/v2\/pages\/5805\/revisions\/5808"}],"wp:attachment":[{"href":"https:\/\/grupoenergiaperu.com\/en\/wp-json\/wp\/v2\/media?parent=5805"}],"curies":[{"name":"wp","href":"https:\/\/api.w.org\/{rel}","templated":true}]}}